{"id":583,"date":"2014-11-07T08:10:56","date_gmt":"2014-11-07T08:10:56","guid":{"rendered":"http:\/\/dronesonen.hibu.no\/?page_id=583"},"modified":"2016-03-31T12:36:07","modified_gmt":"2016-03-31T11:36:07","slug":"veibeskrivelse","status":"publish","type":"page","link":"https:\/\/dronesonen.usn.no\/?page_id=583","title":{"rendered":"Veibeskrivelse"},"content":{"rendered":"<p>Dronesonen ligger i H\u00f8gskolen i S\u00f8r\u00f8st Norge sine lokaler p\u00e5 KRONA i Kongsberg.<\/p>\n<p><span style=\"color: #333333;\">[ready_google_map id=&#8217;1&#8242;]<\/span><\/p>\n<p>Dronesonen er i f\u00f8rste etasje<\/p>\n<p><a href=\"http:\/\/dronesonen.usn.no\/wp-content\/uploads\/2016\/03\/Krona.jpg\"><img loading=\"lazy\" decoding=\"async\" class=\"alignnone  wp-image-1491\" src=\"http:\/\/dronesonen.usn.no\/wp-content\/uploads\/2016\/03\/Krona-300x208.jpg\" alt=\"Krona\" width=\"436\" height=\"302\" srcset=\"https:\/\/dronesonen.usn.no\/wp-content\/uploads\/2016\/03\/Krona-300x208.jpg 300w, https:\/\/dronesonen.usn.no\/wp-content\/uploads\/2016\/03\/Krona.jpg 817w\" sizes=\"auto, (max-width: 436px) 100vw, 436px\" \/><\/a><\/p>\n","protected":false},"excerpt":{"rendered":"<p>Dronesonen ligger i H\u00f8gskolen i S\u00f8r\u00f8st Norge sine lokaler p\u00e5 KRONA i Kongsberg. [ready_google_map id=&#8217;1&#8242;] Dronesonen er i f\u00f8rste etasje<\/p>\n","protected":false},"author":4,"featured_media":0,"parent":0,"menu_order":0,"comment_status":"open","ping_status":"open","template":"","meta":{"footnotes":""},"class_list":["post-583","page","type-page","status-publish","hentry"],"_links":{"self":[{"href":"https:\/\/dronesonen.usn.no\/index.php?rest_route=\/wp\/v2\/pages\/583","targetHints":{"allow":["GET"]}}],"collection":[{"href":"https:\/\/dronesonen.usn.no\/index.php?rest_route=\/wp\/v2\/pages"}],"about":[{"href":"https:\/\/dronesonen.usn.no\/index.php?rest_route=\/wp\/v2\/types\/page"}],"author":[{"embeddable":true,"href":"https:\/\/dronesonen.usn.no\/index.php?rest_route=\/wp\/v2\/users\/4"}],"replies":[{"embeddable":true,"href":"https:\/\/dronesonen.usn.no\/index.php?rest_route=%2Fwp%2Fv2%2Fcomments&post=583"}],"version-history":[{"count":14,"href":"https:\/\/dronesonen.usn.no\/index.php?rest_route=\/wp\/v2\/pages\/583\/revisions"}],"predecessor-version":[{"id":1494,"href":"https:\/\/dronesonen.usn.no\/index.php?rest_route=\/wp\/v2\/pages\/583\/revisions\/1494"}],"wp:attachment":[{"href":"https:\/\/dronesonen.usn.no\/index.php?rest_route=%2Fwp%2Fv2%2Fmedia&parent=583"}],"curies":[{"name":"wp","href":"https:\/\/api.w.org\/{rel}","templated":true}]}}