{"id":262,"date":"2014-04-09T10:33:21","date_gmt":"2014-04-09T10:33:21","guid":{"rendered":"http:\/\/dronesonen.hibu.no\/?page_id=262"},"modified":"2016-03-31T11:08:39","modified_gmt":"2016-03-31T11:08:39","slug":"apne-dager-i-dronesonen","status":"publish","type":"page","link":"https:\/\/dronesonen.usn.no\/?page_id=262","title":{"rendered":"\u00c5pne dager i Dronesonen"},"content":{"rendered":"<p>Dronesonen er \u00e5pen alle tirsdager og onsdager i undervisning semesteret. Disse periodene er i utgangspunktet for studenter ved HSN og FTO (Fagskolen Tinius Olsen), men dersom du har en brennende interesse er du velkommen.<\/p>\n<p><span lang=\"EN-GB\">Bor det en ingeni\u00f8r i deg, kontakt oss. VI vil arrangere \u00e5pne dager for alle som er interessert. Da\u00a0fikler vi ofte med Arduino-mikrokontrollere av typen dere ser p\u00e5 bildene under.<\/span><\/p>\n<p><img loading=\"lazy\" decoding=\"async\" class=\"alignnone  wp-image-264\" style=\"line-height: 1.5;\" src=\"http:\/\/dronesonen.usn.no\/wp-content\/uploads\/2014\/04\/Arduino-Nano-300x225.jpg\" alt=\"Arduino Nano\" width=\"240\" height=\"180\" srcset=\"https:\/\/dronesonen.usn.no\/wp-content\/uploads\/2014\/04\/Arduino-Nano-300x225.jpg 300w, https:\/\/dronesonen.usn.no\/wp-content\/uploads\/2014\/04\/Arduino-Nano.jpg 1024w\" sizes=\"auto, (max-width: 240px) 100vw, 240px\" \/><img loading=\"lazy\" decoding=\"async\" class=\"alignnone  wp-image-267\" style=\"line-height: 1.5;\" src=\"http:\/\/dronesonen.usn.no\/wp-content\/uploads\/2014\/04\/arduino_mega-300x225.jpg\" alt=\"arduino_mega\" width=\"240\" height=\"180\" srcset=\"https:\/\/dronesonen.usn.no\/wp-content\/uploads\/2014\/04\/arduino_mega-300x225.jpg 300w, https:\/\/dronesonen.usn.no\/wp-content\/uploads\/2014\/04\/arduino_mega.jpg 800w\" sizes=\"auto, (max-width: 240px) 100vw, 240px\" \/><\/p>\n<p>Dette er sm\u00e5 datamaskiner vi kan f\u00e5 til \u00e5 gj\u00f8re mye rart. Vi skal koble til sensorer, lysp\u00e6<span style=\"line-height: 1.5;\">rer, h\u00f8ytalere, motorer osv. \u00a0Vi kan ogs\u00e5 sette dem p\u00e5 sm\u00e5 biler.<\/span><img loading=\"lazy\" decoding=\"async\" class=\"alignnone size-medium wp-image-269\" style=\"line-height: 1.5;\" src=\"http:\/\/dronesonen.usn.no\/wp-content\/uploads\/2014\/04\/2014-04-09-10.19.46-300x225.jpg\" alt=\"2014-04-09 10.19.46\" width=\"300\" height=\"225\" srcset=\"https:\/\/dronesonen.usn.no\/wp-content\/uploads\/2014\/04\/2014-04-09-10.19.46-300x225.jpg 300w, https:\/\/dronesonen.usn.no\/wp-content\/uploads\/2014\/04\/2014-04-09-10.19.46-1024x768.jpg 1024w\" sizes=\"auto, (max-width: 300px) 100vw, 300px\" \/><\/p>\n<p>N\u00e5r ting er koblet sammen s\u00e5 m\u00e5 vi skrive et dataprogram for \u00e5 f\u00e5 systemet v\u00e5rt til \u00e5 gj\u00f8re det vi vil.<\/p>\n<p>Vi har ogs\u00e5 en egen flysone s\u00e5 det blir mulighet for \u00e5 pr\u00f8vefly dronene v\u00e5re.<\/p>\n<p>Synes du dette h\u00f8res spennende ut? Da b\u00f8r du ta turen til H\u00f8gskolen i S\u00f8r\u00f8st Norge\u00a0 p\u00e5 KRONA i Kongsberg. Du trenger ikke kunne programmere eller noe om elektronikk fra f\u00f8r. Vi vil holde sm\u00e5 introduksjonskurs med jevne mellomrom og v\u00e6re tilstede for \u00e5 hjelpe der det trengs. Det koster ingenting og du trenger ikke ha med deg noe, men har du en b\u00e6rbar pc kan det v\u00e6re greit \u00e5 ta den med.<\/p>\n<p>&nbsp;<\/p>\n<p>&nbsp;<\/p>\n","protected":false},"excerpt":{"rendered":"<p>Dronesonen er \u00e5pen alle tirsdager og onsdager i undervisning semesteret. Disse periodene er i utgangspunktet for studenter ved HSN og FTO (Fagskolen Tinius Olsen), men dersom du har en brennende interesse er du velkommen. Bor det en ingeni\u00f8r i deg, kontakt oss. VI vil arrangere \u00e5pne dager for alle som er interessert. Da\u00a0fikler vi ofte [&hellip;]<\/p>\n","protected":false},"author":4,"featured_media":0,"parent":0,"menu_order":0,"comment_status":"open","ping_status":"open","template":"","meta":{"footnotes":""},"class_list":["post-262","page","type-page","status-publish","hentry"],"_links":{"self":[{"href":"https:\/\/dronesonen.usn.no\/index.php?rest_route=\/wp\/v2\/pages\/262","targetHints":{"allow":["GET"]}}],"collection":[{"href":"https:\/\/dronesonen.usn.no\/index.php?rest_route=\/wp\/v2\/pages"}],"about":[{"href":"https:\/\/dronesonen.usn.no\/index.php?rest_route=\/wp\/v2\/types\/page"}],"author":[{"embeddable":true,"href":"https:\/\/dronesonen.usn.no\/index.php?rest_route=\/wp\/v2\/users\/4"}],"replies":[{"embeddable":true,"href":"https:\/\/dronesonen.usn.no\/index.php?rest_route=%2Fwp%2Fv2%2Fcomments&post=262"}],"version-history":[{"count":12,"href":"https:\/\/dronesonen.usn.no\/index.php?rest_route=\/wp\/v2\/pages\/262\/revisions"}],"predecessor-version":[{"id":1482,"href":"https:\/\/dronesonen.usn.no\/index.php?rest_route=\/wp\/v2\/pages\/262\/revisions\/1482"}],"wp:attachment":[{"href":"https:\/\/dronesonen.usn.no\/index.php?rest_route=%2Fwp%2Fv2%2Fmedia&parent=262"}],"curies":[{"name":"wp","href":"https:\/\/api.w.org\/{rel}","templated":true}]}}