{"id":2,"date":"2013-01-19T01:36:24","date_gmt":"2013-01-19T01:36:24","guid":{"rendered":"http:\/\/rlab14.hibu.no\/?page_id=2"},"modified":"2016-03-31T11:03:50","modified_gmt":"2016-03-31T11:03:50","slug":"sample-page","status":"publish","type":"page","link":"https:\/\/dronesonen.usn.no\/?page_id=2","title":{"rendered":"Bakgrunn for DroneSonen"},"content":{"rendered":"<p><span style=\"line-height: 1.5;\">DroneSonen er ment som et laboratorium b\u00e5de for bygging, modellering og testing av ubemannede farkoster, og skal fungere som et laboratorium for ingeni\u00f8rutdannelsen i kybernetikk og mekatronikk samt Embedded Systems, b\u00e5de p\u00e5 master- og bachelorniv\u00e5.<\/span><\/p>\n<p><span style=\"line-height: 1.5;\">Drone Sonen er et nytt UAV \u2013 laboratorium (Unmanned\u00a0<\/span><span style=\"line-height: 1.5;\">Autonomous<\/span><span style=\"line-height: 1.5;\">\u00a0<\/span><span style=\"line-height: 1.5;\">Vehicles<\/span><span style=\"line-height: 1.5;\">) ved HSN-Kongsberg som er gjort mulig ved bindrag fra Kongsberg Defence Systems.<\/span><\/p>\n<p>HSN \u00f8nsker \u00e5 opprettholde det sterke utviklingsmilj\u00f8et innen kybernetikk og mekatronikk, og det er \u00f8nskelig \u00e5 kunne tilby en mastergrad innenfor emnet. I tillegg til det milj\u00f8et som allerede eksisterer innen Embedded Systems.<\/p>\n<p>H\u00f8gskolen i Buskerud (N\u00e5 H\u00f8gskolen i S\u00f8r\u00f8st Norge) og Kongsberg Defence Systems inngikk 01.10.2009 en samarbeidsavtale om opprettelse og avl\u00f8nning av en professorstilling innen kybernetikk. Etableringen av DroneSonen er et av flere tiltak som en videref\u00f8ring av denne avtalen.<\/p>\n<p><span style=\"line-height: 1.5;\">\u00a0<a href=\"http:\/\/dronesonen.usn.no\/wp-content\/uploads\/2013\/01\/DSCF6061.jpg\"><img loading=\"lazy\" decoding=\"async\" class=\"alignnone size-medium wp-image-16\" src=\"http:\/\/dronesonen.usn.no\/wp-content\/uploads\/2013\/01\/DSCF6061-300x225.jpg\" alt=\"DSCF6061\" width=\"300\" height=\"225\" srcset=\"https:\/\/dronesonen.usn.no\/wp-content\/uploads\/2013\/01\/DSCF6061-300x225.jpg 300w, https:\/\/dronesonen.usn.no\/wp-content\/uploads\/2013\/01\/DSCF6061.jpg 872w\" sizes=\"auto, (max-width: 300px) 100vw, 300px\" \/><\/a><\/span><\/p>\n","protected":false},"excerpt":{"rendered":"<p>DroneSonen er ment som et laboratorium b\u00e5de for bygging, modellering og testing av ubemannede farkoster, og skal fungere som et laboratorium for ingeni\u00f8rutdannelsen i kybernetikk og mekatronikk samt Embedded Systems, b\u00e5de p\u00e5 master- og bachelorniv\u00e5. Drone Sonen er et nytt UAV \u2013 laboratorium (Unmanned\u00a0Autonomous\u00a0Vehicles) ved HSN-Kongsberg som er gjort mulig ved bindrag fra Kongsberg Defence [&hellip;]<\/p>\n","protected":false},"author":1,"featured_media":0,"parent":0,"menu_order":0,"comment_status":"open","ping_status":"open","template":"","meta":{"footnotes":""},"class_list":["post-2","page","type-page","status-publish","hentry"],"_links":{"self":[{"href":"https:\/\/dronesonen.usn.no\/index.php?rest_route=\/wp\/v2\/pages\/2","targetHints":{"allow":["GET"]}}],"collection":[{"href":"https:\/\/dronesonen.usn.no\/index.php?rest_route=\/wp\/v2\/pages"}],"about":[{"href":"https:\/\/dronesonen.usn.no\/index.php?rest_route=\/wp\/v2\/types\/page"}],"author":[{"embeddable":true,"href":"https:\/\/dronesonen.usn.no\/index.php?rest_route=\/wp\/v2\/users\/1"}],"replies":[{"embeddable":true,"href":"https:\/\/dronesonen.usn.no\/index.php?rest_route=%2Fwp%2Fv2%2Fcomments&post=2"}],"version-history":[{"count":3,"href":"https:\/\/dronesonen.usn.no\/index.php?rest_route=\/wp\/v2\/pages\/2\/revisions"}],"predecessor-version":[{"id":1480,"href":"https:\/\/dronesonen.usn.no\/index.php?rest_route=\/wp\/v2\/pages\/2\/revisions\/1480"}],"wp:attachment":[{"href":"https:\/\/dronesonen.usn.no\/index.php?rest_route=%2Fwp%2Fv2%2Fmedia&parent=2"}],"curies":[{"name":"wp","href":"https:\/\/api.w.org\/{rel}","templated":true}]}}